{"id":2209,"date":"2020-03-25T13:40:58","date_gmt":"2020-03-25T12:40:58","guid":{"rendered":"http:\/\/2sinne.de\/blumen-schokolade\/?page_id=2209"},"modified":"2020-03-25T13:49:04","modified_gmt":"2020-03-25T12:49:04","slug":"agbs","status":"publish","type":"page","link":"https:\/\/2sinne.de\/blumen-schokolade\/agbs\/","title":{"rendered":"Allgemeine Gesch\u00e4ftsbedingungen"},"content":{"rendered":"\n<p><strong>1. Allgemeines<\/strong><br><br>1.1\n F\u00fcr s\u00e4mtliche Gesch\u00e4ftsbeziehungen gelten ausschlie\u00dflich die \nnachfolgenden allgemeinen Gesch\u00e4ftsbedingungen (AGB) in der jeweils \ng\u00fcltigen Fassung. Kunden im Sinne der vorliegenden AGB k\u00f6nnen sowohl \nVerbraucher als auch Unternehmer sein.<br><br>1.2 Unternehmer ist eine \nnat\u00fcrliche oder juristische Person oder eine rechtsf\u00e4hige \nPersonengesellschaft, die bei Abschluss eines Rechtsgesch\u00e4fts in \nAus\u00fcbung ihrer gewerblichen oder selbst\u00e4ndigen beruflichen T\u00e4tigkeit \nhandelt. Eine rechtsf\u00e4hige Personengesellschaft ist eine \nPersonengesellschaft, die mit der F\u00e4higkeit ausgestattet ist, Rechte zu \nerwerben und Verbindlichkeiten einzugehen.<br><br>1.3 Verbraucher ist \njede nat\u00fcrliche Person, die ein Rechtsgesch\u00e4ft zu einem Zwecke \nabschlie\u00dft, der weder ihrer gewerblichen noch ihrer selbstst\u00e4ndigen \nberuflichen T\u00e4tigkeit zugerechnet werden kann.<br><br><br><strong>2. Angebot, Vertragsabschluss<\/strong><br><br>Die\n innerhalb des Online-Shops von dem Verk\u00e4ufer aufgef\u00fchrten Produkte und \nLeistungen stellen keine den Verk\u00e4ufer bindenden Angebote dar; es \nhandelt sich vielmehr um die Aufforderung an den Kunden, ein \nverbindliches Angebot durch Abgabe einer Bestellung zu unterbreiten.<br><br>Durch\n Absendung der Bestellung aus dem &#8220;virtuellen Warenkorb&#8221; gibt der Kunde \neine verbindliche Bestellung \u00fcber die in diesem enthaltenen Artikel ab. \nDen Zugang dieser Bestellung wird der Verk\u00e4ufer dem Kunden unverz\u00fcglich \nper E-Mail best\u00e4tigen.<br><br>Der Kaufvertrag kommt mit der \nausdr\u00fccklichen Annahme der Bestellung in Textform oder Auslieferung der \nWare durch den Verk\u00e4ufer zustande. Insoweit ist der Verk\u00e4ufer \nberechtigt, das Vertragsangebot des Kunden innerhalb von drei Werktagen \nnach Eingang der Bestellung anzunehmen.<br><br><br><strong>3. Preise<\/strong><br><br>3.1\n Alle genannten Preise sind Endpreise inklusive Mehrwertsteuer zzgl. \nVersandkosten. Die Kosten f\u00fcr Verpackung und Versand sind dem jeweiligen\n Angebot zu entnehmen.<br><br>3.2 Hinweis an internationale K\u00e4ufer<br>3.2.1\n Der Artikelpreis bzw. die Versandkosten enthalten keine Einfuhrz\u00f6lle \nund Geb\u00fchren. Bei Lieferungen in das Nicht-EU Ausland fallen zus\u00e4tzliche\n Z\u00f6lle, Steuern und Geb\u00fchren an. Weitere Informationen zu Z\u00f6llen finden \nSie beispielsweise unter <a href=\"http:\/\/ec.europa.eu\/taxation_customs\/dds\/cgi-bin\/tarchap?Lang=DE\">http:\/\/ec.europa.eu\/taxation_customs\/dds\/cgi-bin\/tarchap?Lang=DE<\/a> und zur Einfuhrumsatzsteuer unter <a href=\"http:\/\/auskunft.eztonline.de\/ezto\/Welcome.do\">http:\/\/auskunft.eztonline.de\/ezto\/Welcome.do<\/a> sowie speziell f\u00fcr die Schweiz unter <a href=\"http:\/\/xtares.admin.ch\/tares\/login\/loginFormFiller.do\">http:\/\/xtares.admin.ch\/tares\/login\/loginFormFiller.do<\/a>.\n F\u00fcr diese Kosten kommt der K\u00e4ufer auf. Bevor Sie auf einen Artikel \nbieten oder einen Artikel kaufen, erkundigen Sie sich bitte bei den \nZollbeh\u00f6rden Ihres Landes, wie hoch diese Zusatzkosten sein k\u00f6nnen. \nDiese Geb\u00fchren werden in der Regel vom Versandunternehmen oder \nFrachtunternehmen bei Lieferung eingezogen oder wenn Sie den Artikel \nabholen. Bei diesen Geb\u00fchren handelt es sich nicht um zus\u00e4tzliche \nVersandkosten.<br>3.2.2 Artikel werden von uns nicht unter Wert oder als\n Geschenk deklariert. Laut der Gesetze der USA und anderer L\u00e4nder ist \ndies nicht zul\u00e4ssig.<br><br><br><strong>4. Eigentumsvorbehalt<\/strong><br><br>Die von dem Verk\u00e4ufer gelieferte Ware bleibt bis zur vollst\u00e4ndigen Bezahlung sein Eigentum.<br><br><br><strong>5. Lieferung; Versandkosten; Gefahr\u00fcbergang<\/strong><br><br>5.1\n Die Lieferung erfolgt zu den jeweils bei der Artikelbeschreibung \nausgewiesenen Versandkosten. Bei der Bestellung per Nachnahme werden \nzus\u00e4tzlich separate Nachnahmegeb\u00fchren erhoben. Die H\u00f6he der Geb\u00fchren \nwird in der Artikelbeschreibung angegeben. Bitte beachten Sie, dass \nneben den h\u00f6heren Versandkosten auch eine Nachnahmegeb\u00fchr z.B. bei der \nDHL in H\u00f6he von 2,00 \u20ac erhoben wird. Diese Nachnahmegeb\u00fchr erfolgt auf \nRechnung der DHL und wird auf der Warenrechnung nicht ausgewiesen.<br><br>5.2\n Sofern der Kunde Verbraucher ist, tr\u00e4gt der Verk\u00e4ufer unabh\u00e4ngig von \nder Versandart in jedem Fall das Versandrisiko. Sofern der Kunde \nUnternehmer ist, gehen alle Risiken und Gefahren der Versendung auf den \nKunden \u00fcber, sobald die Ware von dem Verk\u00e4ufer an den beauftragten \nLogistikpartner \u00fcbergeben worden ist.<br><br><br><strong>6. Widerrufsbelehrung<\/strong><\/p>\n\n\n\n<p>Sie haben das Recht, binnen 14 Tagen ohne Angabe von Gr\u00fcnden diesen Vertrag zu widerrufen.<\/p>\n\n\n\n<p>Die  Widerrufsfrist betr\u00e4gt 14 Tage ab dem Tag an dem Sie oder ein von Ihnen  benannter Dritter, der nicht der Bef\u00f6rderer ist, die Waren in Besitz  genommen haben bzw. hat.<br><br>Um Ihr Widerrufsrecht auszu\u00fcben, m\u00fcssen Sie uns<br>2Sinne<br>Manuela Bermadinger &#038; Claudia Aigner GbR<br>Herzogstra\u00dfe 12<br>80803 M\u00fcnchen<br>E-Mail: <a href=\"mailto:mcb@2sinne.de\">mcb@2sinne.de<\/a><br>Telefon: 089 \/ 34077399<br>mittels  einer eindeutigen Erkl\u00e4rung (z.B. ein mit der Post versandter Brief,  Telefax oder E-Mail) \u00fcber Ihren Entschluss, diesen Vertrag zu  widerrufen, informieren. Sie k\u00f6nnen daf\u00fcr das beigef\u00fcgte  Muster-Widerrufsformular verwenden, das jedoch nicht vorgeschrieben ist.<br><br>Zur  Wahrung der Widerrufsfrist reicht es aus, dass Sie die Mitteilung \u00fcber  die Aus\u00fcbung des Widerrufsrechts vor Ablauf der Widerrufsfrist absenden.<br><br><br><strong>Folgen des Widerrufs<\/strong><br>Wenn  Sie diesen Vertrag widerrufen, haben wir Ihnen alle Zahlungen, die wir  von Ihnen erhalten haben, einschlie\u00dflich der Lieferkosten (mit Ausnahme  der zus\u00e4tzlichen Kosten, die sich daraus ergeben, dass Sie eine andere  Art der Lieferung als die von uns angebotene, g\u00fcnstigste  Standardlieferung gew\u00e4hlt haben), unverz\u00fcglich und sp\u00e4testens binnen 14  Tagen ab dem Tag zur\u00fcckzuzahlen, an dem die Mitteilung \u00fcber Ihren  Widerruf dieses Vertrags bei uns eingegangen ist. F\u00fcr diese R\u00fcckzahlung  verwenden wir dasselbe Zahlungsmittel, das Sie bei der urspr\u00fcnglichen  Transaktion eingesetzt haben, es sei denn, mit Ihnen wurde ausdr\u00fccklich  etwas anderes vereinbart; in keinem Fall werden Ihnen wegen dieser  R\u00fcckzahlung Entgelte berechnet. Wir k\u00f6nnen die R\u00fcckzahlung verweigern, bis wir die Waren wieder zur\u00fcckerhalten haben oder bis Sie den Nachweis erbracht haben, dass Sie die Waren zur\u00fcckgesandt haben, je nachdem, welches der fr\u00fchere Zeitpunkt ist.<br><br>Sie  haben die Waren unverz\u00fcglich und in jedem Fall sp\u00e4testens binnen 14  Tagen ab dem Tag, an dem Sie uns \u00fcber den Widerruf dieses Vertrags  unterrichten, an uns 2Sinne, Herzogstra\u00dfe 12, 80803 M\u00fcnchen zur\u00fcckzusenden oder zu \u00fcbergeben. Die Frist ist  gewahrt, wenn Sie die Waren vor Ablauf der Frist von 14 Tagen absenden.  Sie tragen die unmittelbaren Kosten der R\u00fccksendung der Waren.<br><br>Sie m\u00fcssen f\u00fcr einen etwaigen Wertverlust der Waren nur aufkommen,<br>wenn dieser Wertverlust auf einen zur Pr\u00fcfung der Beschaffenheit, Eigenschaften und<br>Funktionsweise der Waren nicht notwendigen Umgang mit ihnen zur\u00fcckzuf\u00fchren ist.<br><br>(Wenn Sie den Vertrag widerrufen wollen, dann f\u00fcllen Sie bitte dieses Formular aus und senden Sie es zur\u00fcck.)<br><br>&#8211; An  2Sinne, Manuela Bermadinger &#038; Claudia Aigner GbR, Herzogstra\u00dfe 12, 80803 M\u00fcnchen, E-Mail: mcb@2sinne.de<br><br>&#8211;  Hiermit widerrufe(n) ich\/wir (*) den von mir\/uns (*) abgeschlossenen  Vertrag \u00fcber den Kauf der folgenden Ware (*) \/ die Erbringung der  folgenden\u00a0 Dienstleistung (*)<br><br>&#8211; Bestellt am (*) \/ erhalten am (*)<br><br>&#8211; Name des\/der Verbraucher(s)<br><br>&#8211; Anschrift des\/der Verbraucher(s)<br><br>&#8211; Unterschrift des\/der Verbraucher(s) (nur bei Mitteilung auf Papier)<br><br>&#8211; Datum<\/p>\n\n\n\n<p><br><br><strong>7. Hinweise<\/strong><br><br>7.1 Das Widerrufsrecht besteht, soweit nicht ein anderes bestimmt ist, nicht bei Fernabsatzvertr\u00e4gen<br>7.1.1\n zur Lieferung von Waren, die nach Kundenspezifikation angefertigt \nwerden oder eindeutig auf die pers\u00f6nlichen Bed\u00fcrfnisse zugeschnitten \nsind oder die auf Grund ihrer Beschaffenheit nicht f\u00fcr eine R\u00fccksendung \ngeeignet sind oder schnell verderben k\u00f6nnen oder deren Verfalldatum \n\u00fcberschritten w\u00fcrde (z.B. auf Kundenwusch angefertigte Schokolade),<br>7.1.2\n zur Lieferung von Audio- oder Videoaufzeichnungen oder von Software, \nsofern die gelieferten Datentr\u00e4ger vom Verbraucher entsiegelt worden \nsind,<br>7.1.3 zur Lieferung von Zeitungen, Zeitschriften und \nIllustrierten, es sei denn, dass der Verbraucher seine Vertragserkl\u00e4rung\n telefonisch abgegeben hat,<br><br>7.2 Bitte vermeiden Sie \nBesch\u00e4digungen und Verunreinigungen der Ware. Senden Sie die Ware bitte \nm\u00f6glichst in Originalverpackung mit s\u00e4mtlichem Zubeh\u00f6r und mit allen \nVerpackungsbestandteilen an uns zur\u00fcck. Verwenden Sie ggf. eine \nsch\u00fctzende Umverpackung. Wenn Sie die Originalverpackung nicht mehr \nbesitzen, sorgen Sie bitte mit einer geeigneten Verpackung f\u00fcr einen \nausreichenden Schutz vor Transportsch\u00e4den.<br><br>7.3 Senden Sie die \nWare bitte m\u00f6glichst nicht unfrei an uns zur\u00fcck. Wir erstatten Ihnen \nauch gerne auf Wunsch vorab die Portokosten, sofern diese nicht von \nIhnen selbst zu tragen sind.<br><br>7.4 Bitte beachten Sie, dass \nvorgenannte Ziffern 7.2 und 7.3 nicht Voraussetzung f\u00fcr die wirksame \nAus\u00fcbung des Widerrufsrechts sind.<br><br><br><strong>8. Gew\u00e4hrleistung, Haftung<\/strong><br><br>F\u00fcr die Haftung und Gew\u00e4hrleistung gelten die gesetzlichen Vorschriften.<br><br>Die\n Gew\u00e4hrleistungsfrist bei gebrauchten Artikeln betr\u00e4gt 12 Monate. \nSchadensersatzanspr\u00fcche bleiben von dieser Regelung unber\u00fchrt. Etwaige \nGarantien schr\u00e4nken die gesetzlichen Gew\u00e4hrleistungsanspr\u00fcche nicht ein.<br><br><br><strong>9. Verbraucherinformationen bei Fernabsatzvertr\u00e4gen \u00fcber den Erwerb von Waren<\/strong><br><br>9.1 Speziellen und vorstehend nicht erw\u00e4hnten Verhaltenskodizes unterliegt der Verk\u00e4ufer nicht.<br><br>9.2\n Die wesentlichen Merkmale der von dem Verk\u00e4ufer angebotenen Waren sowie\n die G\u00fcltigkeitsdauer befristeter Angebote entnehmen Sie bitte den \neinzelnen Produktbeschreibungen im Rahmen des Internetangebotes. Die f\u00fcr\n den Vertragsabschluss zur Verf\u00fcgung stehende Sprache ist ausschlie\u00dflich\n Deutsch.<br><br>9.3 Beanstandungen und Gew\u00e4hrleistungsanspr\u00fcche k\u00f6nnen \nSie unter der in der Anbieterkennzeichnung angegebenen Adresse \nvorbringen. Informationen zur Zahlung, Lieferung oder Erf\u00fcllung \nentnehmen Sie bitte dem Angebot.<br><br>9.4 Im Onlineshop wird ihre \nErkl\u00e4rung erst dann verbindlich, wenn sie im Rahmen der Kaufabwicklung \nden Button &#8220;Kostenpflichtig bestellen&#8221; anklicken. Bis dahin haben Sie \ndie M\u00f6glichkeit, Ihre Eingaben zu erkennen und ggf. nach Bet\u00e4tigen des \n&#8220;Zur\u00fcck&#8221; Button Ihres Browsers auf der vorherigen Seite zu korrigieren \noder den Bestellvorgang durch Verlassen der Seite abzubrechen.<br><br>9.5\n Der Verk\u00e4ufer speichert den Vertragstext nach Vertragsschluss nicht ab \nund er ist dem Kunden auch nicht zug\u00e4nglich. Wir schicken dem Kunden \naber nach Vertragsschluss eine Bestellbest\u00e4tigung mit allen Angaben an \ndie von Ihnen angegebene E-Mail-Adresse, in welcher Ihnen nochmals alle \nwesentlichen Daten Ihrer Bestellung, unsere AGB, Ihre Widerrufs-\/ \nR\u00fcckgabebelehrung mitgeteilt werden. Sie haben die M\u00f6glichkeit, sowohl \ndie Allgemeinen Gesch\u00e4ftsbedingungen als auch Ihre Bestellung mit allen \neingegebenen Daten w\u00e4hrend des Bestellvorgangs auszudrucken. Durch die \nDruckfunktion Ihres Browsers haben Sie ferner die M\u00f6glichkeit, den \nVertragstext auszudrucken. Sie k\u00f6nnen den Vertragstext auch abspeichern,\n in dem Sie durch einen Klick auf die rechte Maustaste die Internetseite\n auf Ihrem Computer abspeichern. Nach Abschluss der Bestellabwicklung \nist Ihnen der Vertragstext nicht mehr zug\u00e4nglich.<br><br><br><strong>10. Schlussbestimmungen<\/strong><br><br>10.1\n Auf das Vertragsverh\u00e4ltnis zwischen dem Verk\u00e4ufer und dem Kunden sowie \nauf die jeweiligen Gesch\u00e4ftsbedingungen findet das Recht der \nBundesrepublik Deutschland Anwendung. Sofern der Kunde Verbraucher ist, \nbleiben die nach dem Recht des Aufenthaltslandes des Kunden zu Gunsten \ndes Verbrauchers bestehenden geltenden gesetzlichen Regelungen und \nRechte von dieser Vereinbarung unber\u00fchrt. Die Anwendung von UN-Kaufrecht\n wird ausgeschlossen.<br><br>10.2 Sind vorgenannte Bestimmungen ganz \noder teilweise nicht Vertragsbestandteil geworden oder unwirksam, so \nbleibt der Vertrag im \u00dcbrigen wirksam. Soweit die Bestimmungen nicht \nVertragsbestandteil geworden oder unwirksam sind, richtet sich der \nInhalt des Vertrages nach den gesetzlichen Vorschriften.<br><br><br><strong>11. <\/strong><strong>Streitbeilegung<\/strong><br>Online-Streitbeilegung gem\u00e4\u00df Art. 14 Abs. 1 ODR-VO:<br>Die Europ\u00e4ische Kommission stellt eine Plattform zur Online-Streitbeilegung (OS) bereit,<br>die Sie unter <a href=\"https:\/\/ec.europa.eu\/consumers\/odr\/\">https:\/\/ec.europa.eu\/consumers\/odr\/<\/a> finden.<\/p>\n\n\n\n<p><\/p>\n","protected":false},"excerpt":{"rendered":"<p>1. Allgemeines 1.1 F\u00fcr s\u00e4mtliche Gesch\u00e4ftsbeziehungen gelten ausschlie\u00dflich die nachfolgenden allgemeinen Gesch\u00e4ftsbedingungen (AGB) in der jeweils g\u00fcltigen Fassung. Kunden im Sinne der vorliegenden AGB k\u00f6nnen sowohl Verbraucher als auch Unternehmer &#8230;<\/p>\n","protected":false},"author":3,"featured_media":0,"parent":0,"menu_order":0,"comment_status":"closed","ping_status":"closed","template":"template-fullwidth.php","meta":{"footnotes":""},"class_list":["post-2209","page","type-page","status-publish","hentry"],"jetpack_sharing_enabled":true,"_links":{"self":[{"href":"https:\/\/2sinne.de\/blumen-schokolade\/wp-json\/wp\/v2\/pages\/2209","targetHints":{"allow":["GET"]}}],"collection":[{"href":"https:\/\/2sinne.de\/blumen-schokolade\/wp-json\/wp\/v2\/pages"}],"about":[{"href":"https:\/\/2sinne.de\/blumen-schokolade\/wp-json\/wp\/v2\/types\/page"}],"author":[{"embeddable":true,"href":"https:\/\/2sinne.de\/blumen-schokolade\/wp-json\/wp\/v2\/users\/3"}],"replies":[{"embeddable":true,"href":"https:\/\/2sinne.de\/blumen-schokolade\/wp-json\/wp\/v2\/comments?post=2209"}],"version-history":[{"count":4,"href":"https:\/\/2sinne.de\/blumen-schokolade\/wp-json\/wp\/v2\/pages\/2209\/revisions"}],"predecessor-version":[{"id":2312,"href":"https:\/\/2sinne.de\/blumen-schokolade\/wp-json\/wp\/v2\/pages\/2209\/revisions\/2312"}],"wp:attachment":[{"href":"https:\/\/2sinne.de\/blumen-schokolade\/wp-json\/wp\/v2\/media?parent=2209"}],"curies":[{"name":"wp","href":"https:\/\/api.w.org\/{rel}","templated":true}]}}