{"id":1555,"date":"2018-08-01T10:43:36","date_gmt":"2018-08-01T08:43:36","guid":{"rendered":"http:\/\/2sinne.de\/blumen-schokolade\/?page_id=1555"},"modified":"2022-03-30T16:25:39","modified_gmt":"2022-03-30T14:25:39","slug":"impressum","status":"publish","type":"page","link":"https:\/\/2sinne.de\/blumen-schokolade\/impressum\/","title":{"rendered":"Impressum"},"content":{"rendered":"<p>2SINNE M\u00fcnchen<br \/>\nManuela Kerschbaumer &amp; Claudia Aigner GbR<br \/>\nHerzogstra\u00dfe 12<br \/>\n80803 M\u00fcnchen<\/p>\n<p>Fon 089 \/ 340 77 399<br \/>\nFax 089 \/ 340 77 400<\/p>\n<p><a href=\"mailto:mcb@2sinne.de\">mcb@2sinne.de<\/a><\/p>\n<p>Ust.ID: DE256340975<br \/>\nAmtsgericht M\u00fcnchen<\/p>\n<p>Fotos von\u00a0https:\/\/www.maikrichterfotografie.de\/<\/p>\n","protected":false},"excerpt":{"rendered":"<p>2SINNE M\u00fcnchen Manuela Kerschbaumer &amp; Claudia Aigner GbR Herzogstra\u00dfe 12 80803 M\u00fcnchen Fon 089 \/ 340 77 399 Fax 089 \/ 340 77 400 mcb@2sinne.de Ust.ID: DE256340975 Amtsgericht M\u00fcnchen Fotos &#8230;<\/p>\n","protected":false},"author":1,"featured_media":0,"parent":0,"menu_order":0,"comment_status":"closed","ping_status":"closed","template":"template-fullwidth.php","meta":{"footnotes":""},"class_list":["post-1555","page","type-page","status-publish","hentry"],"jetpack_sharing_enabled":true,"_links":{"self":[{"href":"https:\/\/2sinne.de\/blumen-schokolade\/wp-json\/wp\/v2\/pages\/1555","targetHints":{"allow":["GET"]}}],"collection":[{"href":"https:\/\/2sinne.de\/blumen-schokolade\/wp-json\/wp\/v2\/pages"}],"about":[{"href":"https:\/\/2sinne.de\/blumen-schokolade\/wp-json\/wp\/v2\/types\/page"}],"author":[{"embeddable":true,"href":"https:\/\/2sinne.de\/blumen-schokolade\/wp-json\/wp\/v2\/users\/1"}],"replies":[{"embeddable":true,"href":"https:\/\/2sinne.de\/blumen-schokolade\/wp-json\/wp\/v2\/comments?post=1555"}],"version-history":[{"count":4,"href":"https:\/\/2sinne.de\/blumen-schokolade\/wp-json\/wp\/v2\/pages\/1555\/revisions"}],"predecessor-version":[{"id":2569,"href":"https:\/\/2sinne.de\/blumen-schokolade\/wp-json\/wp\/v2\/pages\/1555\/revisions\/2569"}],"wp:attachment":[{"href":"https:\/\/2sinne.de\/blumen-schokolade\/wp-json\/wp\/v2\/media?parent=1555"}],"curies":[{"name":"wp","href":"https:\/\/api.w.org\/{rel}","templated":true}]}}